{"id":56,"date":"2013-05-26T08:02:12","date_gmt":"2013-05-26T06:02:12","guid":{"rendered":"http:\/\/www.s417984081.onlinehome.fr\/?page_id=56"},"modified":"2013-05-26T08:33:13","modified_gmt":"2013-05-26T06:33:13","slug":"kontakt","status":"publish","type":"page","link":"https:\/\/www.stoc-saar-pfalz.net\/?page_id=56","title":{"rendered":"Kontakt"},"content":{"rendered":"<p>Hier hast Du die M\u00f6glichkeit uns eine Mitteilung zu schicken oder Fragen zu stellen. Anregungen und Verbesserungsvorschl\u00e4ge werden nat\u00fcrlich auch gerne entgegengenommen.<\/p>\n<p>Alle Daten werden nicht weitergegeben.<\/p>\n<p>[contact-form-7 id=&#8220;192&#8243; title=&#8220;Kontaktformular 1&#8243;]<\/p>\n","protected":false},"excerpt":{"rendered":"<p>Hier hast Du die M\u00f6glichkeit uns eine Mitteilung zu schicken oder Fragen zu stellen. Anregungen und Verbesserungsvorschl\u00e4ge werden nat\u00fcrlich auch gerne entgegengenommen. Alle Daten werden nicht weitergegeben. [contact-form-7 id=&#8220;192&#8243; title=&#8220;Kontaktformular 1&#8243;]<\/p>\n","protected":false},"author":667,"featured_media":0,"parent":0,"menu_order":0,"comment_status":"closed","ping_status":"closed","template":"","meta":[],"_links":{"self":[{"href":"https:\/\/www.stoc-saar-pfalz.net\/index.php?rest_route=\/wp\/v2\/pages\/56"}],"collection":[{"href":"https:\/\/www.stoc-saar-pfalz.net\/index.php?rest_route=\/wp\/v2\/pages"}],"about":[{"href":"https:\/\/www.stoc-saar-pfalz.net\/index.php?rest_route=\/wp\/v2\/types\/page"}],"author":[{"embeddable":true,"href":"https:\/\/www.stoc-saar-pfalz.net\/index.php?rest_route=\/wp\/v2\/users\/667"}],"replies":[{"embeddable":true,"href":"https:\/\/www.stoc-saar-pfalz.net\/index.php?rest_route=%2Fwp%2Fv2%2Fcomments&post=56"}],"version-history":[{"count":14,"href":"https:\/\/www.stoc-saar-pfalz.net\/index.php?rest_route=\/wp\/v2\/pages\/56\/revisions"}],"predecessor-version":[{"id":72,"href":"https:\/\/www.stoc-saar-pfalz.net\/index.php?rest_route=\/wp\/v2\/pages\/56\/revisions\/72"}],"wp:attachment":[{"href":"https:\/\/www.stoc-saar-pfalz.net\/index.php?rest_route=%2Fwp%2Fv2%2Fmedia&parent=56"}],"curies":[{"name":"wp","href":"https:\/\/api.w.org\/{rel}","templated":true}]}}